{"id":1405,"date":"2024-04-03T14:37:07","date_gmt":"2024-04-03T12:37:07","guid":{"rendered":"https:\/\/balts.es\/?page_id=1405"},"modified":"2024-04-03T14:37:07","modified_gmt":"2024-04-03T12:37:07","slug":"declaracion-de-accesibilidad","status":"publish","type":"page","link":"https:\/\/balts.es\/en\/declaracion-de-accesibilidad\/","title":{"rendered":"Accessibility statement"},"content":{"rendered":"<p>Bilbao Abnormal Loads Transport and Shipping SL se ha comprometido a hacer accesible su sitio web, conforme al Real Decreto 1112\/2018, de 7 de septiembre, sobre accesibilidad de los sitios web y aplicaciones para dispositivos m\u00f3viles del sector p\u00fablico.<\/p>\n\n\n\n<p>La presente declaraci\u00f3n de accesibilidad se aplica al sitio web <a href=\"https:\/\/balts.es\/en\/\">https:\/\/balts.es\/<\/a><\/p>\n\n\n\n<p>Situaci\u00f3n de cumplimiento<\/p>\n\n\n\n<p>Este sitio web se encuentra desarrollado conforme al RD 1112\/2018<\/p>\n\n\n\n<p>Preparaci\u00f3n para la siguiente declaraci\u00f3n de accesibilidad<\/p>\n\n\n\n<p>La presente declaraci\u00f3n fue preparada el 2 de enero de 2023<\/p>\n\n\n\n<p>El m\u00e9todo empleado para preparar la declaraci\u00f3n ha sido una autoevaluaci\u00f3n.<\/p>\n\n\n\n<p>Observaciones y datos de contacto<\/p>\n\n\n\n<p>Puede realizar comunicaciones sobre requisitos de accesibilidad (art\u00edculo 10.2.a del RD 1112\/2018) como, por ejemplo:<\/p>\n\n\n\n<p>Informar sobre cualquier posible incumplimiento por parte de este sitio web<br>Transmitir otras dificultades de acceso al contenido<br>Formular cualquier otra consulta o sugerencia de mejora relativa a la accesibilidad del sitio web<\/p>\n\n\n\n<p>a trav\u00e9s del formulario de contacto de este sitio web o a trav\u00e9s del n\u00famero de tel\u00e9fono (+34) 630 019 387.<\/p>\n\n\n\n<p>Puede presentar:<\/p>\n\n\n\n<p>Queja relativa al cumplimiento de los requisitos del RD 1112\/2018 o<br>Solicitud de informaci\u00f3n accesible relativa a:<br>Contenidos que est\u00e1n excluidos del \u00e1mbito de aplicaci\u00f3n del RD 1112\/2018 seg\u00fan lo que establece el art\u00edculo 3, apartado 4<br>Contenidos que est\u00e1n exentos del cumplimiento de los requisitos de accesibilidad para imponer una carga desproporcionada<\/p>\n\n\n\n<p>En la Solicitud de informaci\u00f3n accesible, debe concretarse, con toda claridad, los hechos, razones y petici\u00f3n que permitan constatar que se trata de una solicitud razonable y leg\u00edtima.<\/p>\n\n\n\n<p>Las quejas y reclamaciones sobre informaci\u00f3n accesible se realizar\u00e1n a trav\u00e9s de la sede electr\u00f3nica (https:\/\/sede.red.gob.es\/procedimientos\/quejas-y-sugerencias), y ser\u00e1n recibidas y tratadas por el \u00e1rea de Sistemas de la Informaci\u00f3n de Red.es.<\/p>\n\n\n\n<p>Contenido opcional<\/p>\n\n\n\n<p>Si desea cambiar el tama\u00f1o de letra del texto en los principales navegadores gr\u00e1ficos utilice los siguientes men\u00fas:<\/p>\n\n\n\n<p>Internet Explorer, Mozilla y Firefox: Ver &gt; Tama\u00f1o del texto<br>Opera: Ver &gt; Zoom<br>Safari: Ver &gt; Hacer el texto m\u00e1s grande<br>Chrome: Controla la p\u00e1gina actual &gt; Tama\u00f1o del texto<br>Para modificar el tama\u00f1o de todo en la p\u00e1gina:<br>Ctrl + + para aumentarlo<br>Ctrl + \u2013 para disminuirlo<br>Ctrl+0 restaura el tama\u00f1o original del texto<br>Si lo que quiere es anular la hoja de estilos o modificar el color del texto, puede consultar la p\u00e1gina How to Change Text Size or Colores de la WAI, que se puede leer traducida al espa\u00f1ol en C\u00f3mo cambiar el tama\u00f1o del texto o colores?<\/p>","protected":false},"excerpt":{"rendered":"<p>Bilbao Abnormal Loads Transport and Shipping SL se ha comprometido a hacer accesible su sitio web, conforme al Real Decreto [&hellip;]<\/p>","protected":false},"author":1,"featured_media":0,"parent":0,"menu_order":0,"comment_status":"closed","ping_status":"closed","template":"","meta":{"site-sidebar-layout":"default","site-content-layout":"","ast-site-content-layout":"","site-content-style":"default","site-sidebar-style":"default","ast-global-header-display":"","ast-banner-title-visibility":"","ast-main-header-display":"","ast-hfb-above-header-display":"","ast-hfb-below-header-display":"","ast-hfb-mobile-header-display":"","site-post-title":"","ast-breadcrumbs-content":"","ast-featured-img":"","footer-sml-layout":"","theme-transparent-header-meta":"","adv-header-id-meta":"","stick-header-meta":"","header-above-stick-meta":"","header-main-stick-meta":"","header-below-stick-meta":"","astra-migrate-meta-layouts":"default","ast-page-background-enabled":"default","ast-page-background-meta":{"desktop":{"background-color":"var(--ast-global-color-4)","background-image":"","background-repeat":"repeat","background-position":"center center","background-size":"auto","background-attachment":"scroll","background-type":"","background-media":"","overlay-type":"","overlay-color":"","overlay-gradient":""},"tablet":{"background-color":"","background-image":"","background-repeat":"repeat","background-position":"center center","background-size":"auto","background-attachment":"scroll","background-type":"","background-media":"","overlay-type":"","overlay-color":"","overlay-gradient":""},"mobile":{"background-color":"","background-image":"","background-repeat":"repeat","background-position":"center center","background-size":"auto","background-attachment":"scroll","background-type":"","background-media":"","overlay-type":"","overlay-color":"","overlay-gradient":""}},"ast-content-background-meta":{"desktop":{"background-color":"var(--ast-global-color-5)","background-image":"","background-repeat":"repeat","background-position":"center center","background-size":"auto","background-attachment":"scroll","background-type":"","background-media":"","overlay-type":"","overlay-color":"","overlay-gradient":""},"tablet":{"background-color":"var(--ast-global-color-5)","background-image":"","background-repeat":"repeat","background-position":"center center","background-size":"auto","background-attachment":"scroll","background-type":"","background-media":"","overlay-type":"","overlay-color":"","overlay-gradient":""},"mobile":{"background-color":"var(--ast-global-color-5)","background-image":"","background-repeat":"repeat","background-position":"center center","background-size":"auto","background-attachment":"scroll","background-type":"","background-media":"","overlay-type":"","overlay-color":"","overlay-gradient":""}},"footnotes":""},"class_list":["post-1405","page","type-page","status-publish","hentry"],"yoast_head":"<!-- This site is optimized with the Yoast SEO plugin v22.3 - https:\/\/yoast.com\/wordpress\/plugins\/seo\/ -->\n<title>Declaraci\u00f3n de accesibilidad - Balts<\/title>\n<meta name=\"robots\" content=\"index, follow, max-snippet:-1, max-image-preview:large, max-video-preview:-1\" \/>\n<link rel=\"canonical\" href=\"https:\/\/balts.es\/en\/declaracion-de-accesibilidad\/\" \/>\n<meta property=\"og:locale\" content=\"en_US\" \/>\n<meta property=\"og:type\" content=\"article\" \/>\n<meta property=\"og:title\" content=\"Declaraci\u00f3n de accesibilidad - Balts\" \/>\n<meta property=\"og:description\" content=\"Bilbao Abnormal Loads Transport and Shipping SL se ha comprometido a hacer accesible su sitio web, conforme al Real Decreto [&hellip;]\" \/>\n<meta property=\"og:url\" content=\"https:\/\/balts.es\/en\/declaracion-de-accesibilidad\/\" \/>\n<meta property=\"og:site_name\" content=\"Balts\" \/>\n<meta name=\"twitter:card\" content=\"summary_large_image\" \/>\n<meta name=\"twitter:label1\" content=\"Est. reading time\" \/>\n\t<meta name=\"twitter:data1\" content=\"2 minutes\" \/>\n<script type=\"application\/ld+json\" class=\"yoast-schema-graph\">{\"@context\":\"https:\/\/schema.org\",\"@graph\":[{\"@type\":\"WebPage\",\"@id\":\"https:\/\/balts.es\/declaracion-de-accesibilidad\/\",\"url\":\"https:\/\/balts.es\/declaracion-de-accesibilidad\/\",\"name\":\"Declaraci\u00f3n de accesibilidad - Balts\",\"isPartOf\":{\"@id\":\"https:\/\/balts.es\/#website\"},\"datePublished\":\"2024-04-03T12:37:07+00:00\",\"dateModified\":\"2024-04-03T12:37:07+00:00\",\"breadcrumb\":{\"@id\":\"https:\/\/balts.es\/declaracion-de-accesibilidad\/#breadcrumb\"},\"inLanguage\":\"en-US\",\"potentialAction\":[{\"@type\":\"ReadAction\",\"target\":[\"https:\/\/balts.es\/declaracion-de-accesibilidad\/\"]}]},{\"@type\":\"BreadcrumbList\",\"@id\":\"https:\/\/balts.es\/declaracion-de-accesibilidad\/#breadcrumb\",\"itemListElement\":[{\"@type\":\"ListItem\",\"position\":1,\"name\":\"Portada\",\"item\":\"https:\/\/balts.es\/\"},{\"@type\":\"ListItem\",\"position\":2,\"name\":\"Declaraci\u00f3n de accesibilidad\"}]},{\"@type\":\"WebSite\",\"@id\":\"https:\/\/balts.es\/#website\",\"url\":\"https:\/\/balts.es\/\",\"name\":\"Balts\",\"description\":\"Nos gusta tu carga. Nos gusta nuestro trabajo.\",\"publisher\":{\"@id\":\"https:\/\/balts.es\/#organization\"},\"potentialAction\":[{\"@type\":\"SearchAction\",\"target\":{\"@type\":\"EntryPoint\",\"urlTemplate\":\"https:\/\/balts.es\/?s={search_term_string}\"},\"query-input\":\"required name=search_term_string\"}],\"inLanguage\":\"en-US\"},{\"@type\":\"Organization\",\"@id\":\"https:\/\/balts.es\/#organization\",\"name\":\"Balts\",\"url\":\"https:\/\/balts.es\/\",\"logo\":{\"@type\":\"ImageObject\",\"inLanguage\":\"en-US\",\"@id\":\"https:\/\/balts.es\/#\/schema\/logo\/image\/\",\"url\":\"https:\/\/balts.es\/wp-content\/uploads\/2024\/01\/logo_fondotransparente.png\",\"contentUrl\":\"https:\/\/balts.es\/wp-content\/uploads\/2024\/01\/logo_fondotransparente.png\",\"width\":312,\"height\":224,\"caption\":\"Balts\"},\"image\":{\"@id\":\"https:\/\/balts.es\/#\/schema\/logo\/image\/\"}}]}<\/script>\n<!-- \/ Yoast SEO plugin. -->","yoast_head_json":{"title":"Declaraci\u00f3n de accesibilidad - Balts","robots":{"index":"index","follow":"follow","max-snippet":"max-snippet:-1","max-image-preview":"max-image-preview:large","max-video-preview":"max-video-preview:-1"},"canonical":"https:\/\/balts.es\/en\/declaracion-de-accesibilidad\/","og_locale":"en_US","og_type":"article","og_title":"Declaraci\u00f3n de accesibilidad - Balts","og_description":"Bilbao Abnormal Loads Transport and Shipping SL se ha comprometido a hacer accesible su sitio web, conforme al Real Decreto [&hellip;]","og_url":"https:\/\/balts.es\/en\/declaracion-de-accesibilidad\/","og_site_name":"Balts","twitter_card":"summary_large_image","twitter_misc":{"Est. reading time":"2 minutes"},"schema":{"@context":"https:\/\/schema.org","@graph":[{"@type":"WebPage","@id":"https:\/\/balts.es\/declaracion-de-accesibilidad\/","url":"https:\/\/balts.es\/declaracion-de-accesibilidad\/","name":"Declaraci\u00f3n de accesibilidad - Balts","isPartOf":{"@id":"https:\/\/balts.es\/#website"},"datePublished":"2024-04-03T12:37:07+00:00","dateModified":"2024-04-03T12:37:07+00:00","breadcrumb":{"@id":"https:\/\/balts.es\/declaracion-de-accesibilidad\/#breadcrumb"},"inLanguage":"en-US","potentialAction":[{"@type":"ReadAction","target":["https:\/\/balts.es\/declaracion-de-accesibilidad\/"]}]},{"@type":"BreadcrumbList","@id":"https:\/\/balts.es\/declaracion-de-accesibilidad\/#breadcrumb","itemListElement":[{"@type":"ListItem","position":1,"name":"Portada","item":"https:\/\/balts.es\/"},{"@type":"ListItem","position":2,"name":"Declaraci\u00f3n de accesibilidad"}]},{"@type":"WebSite","@id":"https:\/\/balts.es\/#website","url":"https:\/\/balts.es\/","name":"Balts","description":"Nos gusta tu carga. Nos gusta nuestro trabajo.","publisher":{"@id":"https:\/\/balts.es\/#organization"},"potentialAction":[{"@type":"SearchAction","target":{"@type":"EntryPoint","urlTemplate":"https:\/\/balts.es\/?s={search_term_string}"},"query-input":"required name=search_term_string"}],"inLanguage":"en-US"},{"@type":"Organization","@id":"https:\/\/balts.es\/#organization","name":"Balts","url":"https:\/\/balts.es\/","logo":{"@type":"ImageObject","inLanguage":"en-US","@id":"https:\/\/balts.es\/#\/schema\/logo\/image\/","url":"https:\/\/balts.es\/wp-content\/uploads\/2024\/01\/logo_fondotransparente.png","contentUrl":"https:\/\/balts.es\/wp-content\/uploads\/2024\/01\/logo_fondotransparente.png","width":312,"height":224,"caption":"Balts"},"image":{"@id":"https:\/\/balts.es\/#\/schema\/logo\/image\/"}}]}},"_links":{"self":[{"href":"https:\/\/balts.es\/en\/wp-json\/wp\/v2\/pages\/1405","targetHints":{"allow":["GET"]}}],"collection":[{"href":"https:\/\/balts.es\/en\/wp-json\/wp\/v2\/pages"}],"about":[{"href":"https:\/\/balts.es\/en\/wp-json\/wp\/v2\/types\/page"}],"author":[{"embeddable":true,"href":"https:\/\/balts.es\/en\/wp-json\/wp\/v2\/users\/1"}],"replies":[{"embeddable":true,"href":"https:\/\/balts.es\/en\/wp-json\/wp\/v2\/comments?post=1405"}],"version-history":[{"count":1,"href":"https:\/\/balts.es\/en\/wp-json\/wp\/v2\/pages\/1405\/revisions"}],"predecessor-version":[{"id":1406,"href":"https:\/\/balts.es\/en\/wp-json\/wp\/v2\/pages\/1405\/revisions\/1406"}],"wp:attachment":[{"href":"https:\/\/balts.es\/en\/wp-json\/wp\/v2\/media?parent=1405"}],"curies":[{"name":"wp","href":"https:\/\/api.w.org\/{rel}","templated":true}]}}